{"id":175,"date":"2018-09-28T09:31:05","date_gmt":"2018-09-28T09:31:05","guid":{"rendered":"https:\/\/www.siaa-project.eu\/partner\/"},"modified":"2020-09-10T14:21:19","modified_gmt":"2020-09-10T14:21:19","slug":"partner","status":"publish","type":"page","link":"https:\/\/www.siaa-project.eu\/de\/partner\/","title":{"rendered":"Partner"},"content":{"rendered":"<p>[vc_row css=&#8220;.vc_custom_1538126652134{margin-top: 50px !important;margin-bottom: 50px !important;}&#8220;][vc_column][dfd_heading delimiter_settings=&#8220;border-bottom-style:solid;|border-bottom-width:2px;|width:300px;|border-bottom-color:#dddddd;&#8220; delimiter_margin=&#8220;margin-top:10px;&#8220; style=&#8220;style_05&#8243; title_font_options=&#8220;tag:h1&#8243; subtitle_font_options=&#8220;tag:h3&#8243;]<\/p>\n<h1>Partner<\/h1>\n<p>[\/dfd_heading][\/vc_column][\/vc_row][vc_row dfd_row_config=&#8220;full_width_content&#8220; dfd_row_responsive_enable=&#8220;dfd-row-responsive-enable&#8220; row_responsive_mobile_classes=&#8220;dfd-remove-left-padding,dfd-remove-right-padding&#8220; row_responsive_mobile_resolutions=&#8220;dfd-apply-tablet&#8220; dfd_bg_style=&#8220;image&#8220; dfd_parallax_style=&#8220;dfd_vertical_parallax&#8220; dfd_bg_image_new=&#8220;15924&#8243; dfd_bg_image_size=&#8220;initial&#8220; dfd_parallax_sense=&#8220;60&#8243; css=&#8220;.vc_custom_1538126106656{padding-right: 8% !important;padding-left: 8% !important;}&#8220;][vc_column width=&#8220;1\/4&#8243; column_responsive_mobile_classes=&#8220;dfd-remove-left-border&#8220; column_responsive_mobile_resolutions=&#8220;dfd-apply-laptop&#8220;][dfd_single_image image=&#8220;228&#8243; hover_style=&#8220;dfd-image-scale&#8220;][vc_row_inner css=&#8220;.vc_custom_1538126223634{padding-right: 5% !important;padding-left: 5% !important;background-color: #ffffff !important;}&#8220;][vc_column_inner][dfd_spacer screen_wide_resolution=&#8220;1280&#8243; screen_wide_spacer_size=&#8220;35&#8243; screen_normal_resolution=&#8220;1024&#8243; screen_tablet_resolution=&#8220;800&#8243; screen_mobile_resolution=&#8220;480&#8243; screen_normal_spacer_size=&#8220;25&#8243; screen_tablet_spacer_size=&#8220;20&#8243; screen_mobile_spacer_size=&#8220;20&#8243;][dfd_heading content_alignment=&#8220;text-left&#8220; enable_delimiter=&#8220;off&#8220; style=&#8220;style_01&#8243; title_font_options=&#8220;tag:h4|font_size:28|line_height:30&#8243; subtitle_font_options=&#8220;tag:h3&#8243;]Universitat Klagenfurt[\/dfd_heading][dfd_spacer screen_wide_resolution=&#8220;1280&#8243; screen_wide_spacer_size=&#8220;10&#8243; screen_normal_resolution=&#8220;1024&#8243; screen_tablet_resolution=&#8220;800&#8243; screen_mobile_resolution=&#8220;480&#8243; screen_normal_spacer_size=&#8220;10&#8243; screen_tablet_spacer_size=&#8220;10&#8243; screen_mobile_spacer_size=&#8220;10&#8243;][vc_column_text]Die Alpen-Adria-Universit\u00e4t Klagenfurt (AAU) hat sich seit ihrer Gr\u00fcndung anno 1970 als tragende Stimme im Kanon der \u00f6sterreichischen Universit\u00e4ten, als global vernetzte Forschungsinstitution und als Drehscheibe f\u00fcr Wissenserwerb, Wissensaustausch und Wissenstransfer in der gesamten Alpen-Adria-Region etabliert. Gemeinsam mit den Universit\u00e4ten Graz, Innsbruck, Linz, Salzburg und Wien geh\u00f6rt sie zu den sechs staatlichen Universit\u00e4ten mit breitem F\u00e4cherspektrum.<\/p>\n<p><a href=\"http:\/\/www.aau.at\/innovationsmanagement-und-unternehmensgruendung\/\" target=\"_blank\" rel=\"noopener\">Gehen Sie zur Website<\/a>[\/vc_column_text][dfd_spacer screen_wide_resolution=&#8220;1280&#8243; screen_wide_spacer_size=&#8220;35&#8243; screen_normal_resolution=&#8220;1024&#8243; screen_tablet_resolution=&#8220;800&#8243; screen_mobile_resolution=&#8220;480&#8243; screen_normal_spacer_size=&#8220;25&#8243; screen_tablet_spacer_size=&#8220;20&#8243; screen_mobile_spacer_size=&#8220;20&#8243;][\/vc_column_inner][\/vc_row_inner][dfd_spacer screen_wide_resolution=&#8220;1280&#8243; screen_wide_spacer_size=&#8220;120&#8243; screen_normal_resolution=&#8220;1024&#8243; screen_tablet_resolution=&#8220;800&#8243; screen_mobile_resolution=&#8220;480&#8243; screen_normal_spacer_size=&#8220;100&#8243; screen_tablet_spacer_size=&#8220;80&#8243; screen_mobile_spacer_size=&#8220;60&#8243;][\/vc_column][vc_column width=&#8220;1\/4&#8243; column_responsive_mobile_classes=&#8220;dfd-remove-left-border&#8220; column_responsive_mobile_resolutions=&#8220;dfd-apply-laptop&#8220;][dfd_single_image image=&#8220;167&#8243; hover_style=&#8220;dfd-image-scale&#8220;][vc_row_inner css=&#8220;.vc_custom_1538126231549{padding-right: 5% !important;padding-left: 5% !important;background-color: #ffffff !important;}&#8220;][vc_column_inner][dfd_spacer screen_wide_resolution=&#8220;1280&#8243; screen_wide_spacer_size=&#8220;35&#8243; screen_normal_resolution=&#8220;1024&#8243; screen_tablet_resolution=&#8220;800&#8243; screen_mobile_resolution=&#8220;480&#8243; screen_normal_spacer_size=&#8220;25&#8243; screen_tablet_spacer_size=&#8220;20&#8243; screen_mobile_spacer_size=&#8220;20&#8243;][dfd_heading content_alignment=&#8220;text-left&#8220; enable_delimiter=&#8220;off&#8220; style=&#8220;style_01&#8243; title_font_options=&#8220;tag:h4|font_size:28|line_height:30&#8243; subtitle_font_options=&#8220;tag:h3&#8243;]Libera Universit\u00e0 di Bolzano[\/dfd_heading][dfd_spacer screen_wide_resolution=&#8220;1280&#8243; screen_wide_spacer_size=&#8220;10&#8243; screen_normal_resolution=&#8220;1024&#8243; screen_tablet_resolution=&#8220;800&#8243; screen_mobile_resolution=&#8220;480&#8243; screen_normal_spacer_size=&#8220;10&#8243; screen_tablet_spacer_size=&#8220;10&#8243; screen_mobile_spacer_size=&#8220;10&#8243;][vc_column_text]Die 1997 gegr\u00fcndete Freie Universit\u00e4t Bozen ist eine international ausgerichtete, mehrsprachige Universit\u00e4t (Deutsch, Italienisch, Englisch und Ladinisch).<\/p>\n<p>Die f\u00fcnf Fakult\u00e4ten mit einem hohen Anteil von Lehrenden (35%) und Studierenden (17%) aus dem Ausland besch\u00e4ftigen sich mit wirtschaftlichen, naturwissenschaftlich-technischen, informationstechnischen, p\u00e4dagogischen, \u00e4sthetischen und sozialen Grundfragen der Gesellschaft. Etwa 4100 Studierende studieren in mehr als 30 Studienprogrammen und Lehrg\u00e4ngen.<\/p>\n<p>Die Lehrangebote und Forschungsprojekte sind in internationale Netzwerke &#8211; wie beispielsweise das der Euregio-Universit\u00e4t mit den Universit\u00e4ten Innsbruck und Trient &#8211; eingebunden und orientieren sich an hohen Qualit\u00e4tsstandards.<\/p>\n<p><a href=\"http:\/\/www.unibz.it\/en\/faculties\/economics-management\/\" target=\"_blank\" rel=\"noopener\">Gehen Sie zur Website<\/a>[\/vc_column_text][dfd_spacer screen_wide_resolution=&#8220;1280&#8243; screen_wide_spacer_size=&#8220;35&#8243; screen_normal_resolution=&#8220;1024&#8243; screen_tablet_resolution=&#8220;800&#8243; screen_mobile_resolution=&#8220;480&#8243; screen_normal_spacer_size=&#8220;25&#8243; screen_tablet_spacer_size=&#8220;20&#8243; screen_mobile_spacer_size=&#8220;20&#8243;][\/vc_column_inner][\/vc_row_inner][dfd_spacer screen_wide_resolution=&#8220;1280&#8243; screen_wide_spacer_size=&#8220;120&#8243; screen_normal_resolution=&#8220;1024&#8243; screen_tablet_resolution=&#8220;800&#8243; screen_mobile_resolution=&#8220;480&#8243; screen_normal_spacer_size=&#8220;100&#8243; screen_tablet_spacer_size=&#8220;80&#8243; screen_mobile_spacer_size=&#8220;60&#8243;][\/vc_column][vc_column width=&#8220;1\/4&#8243; column_responsive_mobile_classes=&#8220;dfd-remove-left-border&#8220; column_responsive_mobile_resolutions=&#8220;dfd-apply-laptop&#8220;][dfd_single_image image=&#8220;158&#8243; hover_style=&#8220;dfd-image-scale&#8220;][vc_row_inner css=&#8220;.vc_custom_1538126239038{padding-right: 5% !important;padding-left: 5% !important;background-color: #ffffff !important;}&#8220;][vc_column_inner][dfd_spacer screen_wide_resolution=&#8220;1280&#8243; screen_wide_spacer_size=&#8220;35&#8243; screen_normal_resolution=&#8220;1024&#8243; screen_tablet_resolution=&#8220;800&#8243; screen_mobile_resolution=&#8220;480&#8243; screen_normal_spacer_size=&#8220;25&#8243; screen_tablet_spacer_size=&#8220;20&#8243; screen_mobile_spacer_size=&#8220;20&#8243;][dfd_heading content_alignment=&#8220;text-left&#8220; enable_delimiter=&#8220;off&#8220; style=&#8220;style_01&#8243; title_font_options=&#8220;tag:h4|font_size:28|line_height:30&#8243; subtitle_font_options=&#8220;tag:h3&#8243;]Fachhochschule K\u00e4rnten[\/dfd_heading][dfd_spacer screen_wide_resolution=&#8220;1280&#8243; screen_wide_spacer_size=&#8220;10&#8243; screen_normal_resolution=&#8220;1024&#8243; screen_tablet_resolution=&#8220;800&#8243; screen_mobile_resolution=&#8220;480&#8243; screen_normal_spacer_size=&#8220;10&#8243; screen_tablet_spacer_size=&#8220;10&#8243; screen_mobile_spacer_size=&#8220;10&#8243;][vc_column_text]Die FH K\u00e4rnten hat sich seit ihrem Bestehen zu einer einzigartigen Bildungsinstitution in K\u00e4rnten entwickelt. Durch best\u00e4ndige Weiterentwicklung der Studieng\u00e4nge der FH K\u00e4rnten und intensive Zusammenarbeit mit Wirtschaft und Wissenschaft ist FH Studierenden eine zukunftsorientierte Ausbildung am Puls der Zeit sicher.<\/p>\n<p><a href=\"http:\/\/www.fh-kaernten.at\/fachhochschule\" target=\"_blank\" rel=\"noopener\">Gehen Sie zur Website<\/a>[\/vc_column_text][dfd_spacer screen_wide_resolution=&#8220;1280&#8243; screen_wide_spacer_size=&#8220;35&#8243; screen_normal_resolution=&#8220;1024&#8243; screen_tablet_resolution=&#8220;800&#8243; screen_mobile_resolution=&#8220;480&#8243; screen_normal_spacer_size=&#8220;25&#8243; screen_tablet_spacer_size=&#8220;20&#8243; screen_mobile_spacer_size=&#8220;20&#8243;][\/vc_column_inner][\/vc_row_inner][dfd_spacer screen_wide_resolution=&#8220;1280&#8243; screen_wide_spacer_size=&#8220;120&#8243; screen_normal_resolution=&#8220;1024&#8243; screen_tablet_resolution=&#8220;800&#8243; screen_mobile_resolution=&#8220;480&#8243; screen_normal_spacer_size=&#8220;100&#8243; screen_tablet_spacer_size=&#8220;80&#8243; screen_mobile_spacer_size=&#8220;60&#8243;][\/vc_column][vc_column width=&#8220;1\/4&#8243;][dfd_single_image image=&#8220;152&#8243; hover_style=&#8220;dfd-image-scale&#8220;][vc_row_inner css=&#8220;.vc_custom_1538126246152{padding-right: 5% !important;padding-left: 5% !important;background-color: #ffffff !important;}&#8220;][vc_column_inner][dfd_spacer screen_wide_resolution=&#8220;1280&#8243; screen_wide_spacer_size=&#8220;35&#8243; screen_normal_resolution=&#8220;1024&#8243; screen_tablet_resolution=&#8220;800&#8243; screen_mobile_resolution=&#8220;480&#8243; screen_normal_spacer_size=&#8220;25&#8243; screen_tablet_spacer_size=&#8220;20&#8243; screen_mobile_spacer_size=&#8220;20&#8243;][dfd_heading content_alignment=&#8220;text-left&#8220; enable_delimiter=&#8220;off&#8220; style=&#8220;style_01&#8243; title_font_options=&#8220;tag:h4|font_size:28|line_height:30&#8243; subtitle_font_options=&#8220;tag:h3&#8243;]build!<br \/>\nGronderzentrum Karnten GmbH[\/dfd_heading][dfd_spacer screen_wide_resolution=&#8220;1280&#8243; screen_wide_spacer_size=&#8220;10&#8243; screen_normal_resolution=&#8220;1024&#8243; screen_tablet_resolution=&#8220;800&#8243; screen_mobile_resolution=&#8220;480&#8243; screen_normal_spacer_size=&#8220;10&#8243; screen_tablet_spacer_size=&#8220;10&#8243; screen_mobile_spacer_size=&#8220;10&#8243;][vc_column_text]Sie haben eine innovative Gesch\u00e4ftsidee und wollen den Schritt in die Selbst\u00e4ndigkeit wagen?<\/p>\n<p>Wir begleiten Sie gerne auf dem Weg zum eigenen Unternehmen und unterst\u00fctzen Sie kostenlos und vertraulich bei der Verwirklichung Ihrer Gesch\u00e4ftsidee.<\/p>\n<p>Wir bieten:<\/p>\n<ul>\n<li>intensive Beratung und pers\u00f6nliche Betreuung durch unsere Coaches<\/li>\n<li>Bereitstellung von Basis-Infrastruktur<\/li>\n<li>Starthilfe in Form von Darlehen und Zusch\u00fcssen<\/li>\n<li>einen wertvollen Zugang zu einem stetig wachsenden regionalen und nationalen Netzwerk<\/li>\n<li>gezielte Weiterbildungsma\u00dfnahmen um die Erfolgsaussichten Ihres Unternehmens nachhaltig zu st\u00e4rken.<\/li>\n<\/ul>\n<p><a href=\"http:\/\/www.build.or.at\" target=\"_blank\" rel=\"noopener\">Gehen Sie zur Website<\/a>[\/vc_column_text][dfd_spacer screen_wide_resolution=&#8220;1280&#8243; screen_wide_spacer_size=&#8220;35&#8243; screen_normal_resolution=&#8220;1024&#8243; screen_tablet_resolution=&#8220;800&#8243; screen_mobile_resolution=&#8220;480&#8243; screen_normal_spacer_size=&#8220;25&#8243; screen_tablet_spacer_size=&#8220;20&#8243; screen_mobile_spacer_size=&#8220;20&#8243;][\/vc_column_inner][\/vc_row_inner][dfd_spacer screen_wide_resolution=&#8220;1280&#8243; screen_wide_spacer_size=&#8220;120&#8243; screen_normal_resolution=&#8220;1024&#8243; screen_tablet_resolution=&#8220;800&#8243; screen_mobile_resolution=&#8220;480&#8243; screen_normal_spacer_size=&#8220;100&#8243; screen_tablet_spacer_size=&#8220;80&#8243; screen_mobile_spacer_size=&#8220;60&#8243;][\/vc_column][\/vc_row][vc_row dfd_row_config=&#8220;full_width_content&#8220; anchor=&#8220;partner2&#8243; dfd_row_responsive_enable=&#8220;dfd-row-responsive-enable&#8220; row_responsive_mobile_classes=&#8220;dfd-remove-left-padding,dfd-remove-right-padding&#8220; row_responsive_mobile_resolutions=&#8220;dfd-apply-tablet&#8220; dfd_bg_style=&#8220;image&#8220; dfd_parallax_style=&#8220;dfd_vertical_parallax&#8220; dfd_bg_image_new=&#8220;15924&#8243; dfd_bg_image_size=&#8220;initial&#8220; dfd_parallax_sense=&#8220;60&#8243; css=&#8220;.vc_custom_1538129033704{padding-right: 8% !important;padding-left: 8% !important;}&#8220;][vc_column width=&#8220;1\/4&#8243; column_responsive_mobile_classes=&#8220;dfd-remove-left-border&#8220; column_responsive_mobile_resolutions=&#8220;dfd-apply-laptop&#8220;][dfd_single_image image=&#8220;161&#8243; hover_style=&#8220;dfd-image-scale&#8220;][vc_row_inner css=&#8220;.vc_custom_1538126223634{padding-right: 5% !important;padding-left: 5% !important;background-color: #ffffff !important;}&#8220;][vc_column_inner][dfd_spacer screen_wide_resolution=&#8220;1280&#8243; screen_wide_spacer_size=&#8220;35&#8243; screen_normal_resolution=&#8220;1024&#8243; screen_tablet_resolution=&#8220;800&#8243; screen_mobile_resolution=&#8220;480&#8243; screen_normal_spacer_size=&#8220;25&#8243; screen_tablet_spacer_size=&#8220;20&#8243; screen_mobile_spacer_size=&#8220;20&#8243;][dfd_heading content_alignment=&#8220;text-left&#8220; enable_delimiter=&#8220;off&#8220; style=&#8220;style_01&#8243; title_font_options=&#8220;tag:h4|font_size:28|line_height:30&#8243; subtitle_font_options=&#8220;tag:h3&#8243;]t2i &#8211; trasferimento tecnologico e innovazione s.c.a r.l.[\/dfd_heading][dfd_spacer screen_wide_resolution=&#8220;1280&#8243; screen_wide_spacer_size=&#8220;10&#8243; screen_normal_resolution=&#8220;1024&#8243; screen_tablet_resolution=&#8220;800&#8243; screen_mobile_resolution=&#8220;480&#8243; screen_normal_spacer_size=&#8220;10&#8243; screen_tablet_spacer_size=&#8220;10&#8243; screen_mobile_spacer_size=&#8220;10&#8243;][vc_column_text]t2i- technology transfer and innovation is the innovation agency promoted by the Chambers of commerce of Treviso, Verona and Venice (aka \u2018Venezia Rovigo Delta Lagunare\u2019) established in 2014 from the merging of activities, projects, personnel and facilities of two other entities: \u2018Treviso Tecnologia\u2019 and \u2018Polesine Innovazione\u2019. In 2016 also \u2018Verona Innovazione\u2019 joined t2i thus extending the services also in Verona district. It supports companies in defining and developing innovative pathways through the establishment of networks for technology transfer and the deployment of value-added services for industries and organisations also by means of co-funding programmes at local and european level.<\/p>\n<p>t2i is a reliable and consolidated research partner whose work with an extensive network of local, national and international centres of excellence (such as the Fraunhofer Institutes in Germany) allows the creation of \u201ctailor-made\u201d multidisciplinary work groups to meet clients\u2019 needs.<\/p>\n<p>t2i is registered on the national research registry of the Italian Ministry of education and research and belongs to the university laboratories network as well as to the laboratories network of the Italian Chambers of Commerce system.<\/p>\n<p><a href=\"http:\/\/www.t2i.it\" target=\"_blank\" rel=\"noopener\">Gehen Sie zur Website<\/a>[\/vc_column_text][dfd_spacer screen_wide_resolution=&#8220;1280&#8243; screen_wide_spacer_size=&#8220;35&#8243; screen_normal_resolution=&#8220;1024&#8243; screen_tablet_resolution=&#8220;800&#8243; screen_mobile_resolution=&#8220;480&#8243; screen_normal_spacer_size=&#8220;25&#8243; screen_tablet_spacer_size=&#8220;20&#8243; screen_mobile_spacer_size=&#8220;20&#8243;][\/vc_column_inner][\/vc_row_inner][dfd_spacer screen_wide_resolution=&#8220;1280&#8243; screen_wide_spacer_size=&#8220;120&#8243; screen_normal_resolution=&#8220;1024&#8243; screen_tablet_resolution=&#8220;800&#8243; screen_mobile_resolution=&#8220;480&#8243; screen_normal_spacer_size=&#8220;100&#8243; screen_tablet_spacer_size=&#8220;80&#8243; screen_mobile_spacer_size=&#8220;60&#8243;][\/vc_column][vc_column width=&#8220;1\/4&#8243; column_responsive_mobile_classes=&#8220;dfd-remove-left-border&#8220; column_responsive_mobile_resolutions=&#8220;dfd-apply-laptop&#8220;][dfd_single_image image=&#8220;155&#8243; hover_style=&#8220;dfd-image-scale&#8220;][vc_row_inner css=&#8220;.vc_custom_1538126231549{padding-right: 5% !important;padding-left: 5% !important;background-color: #ffffff !important;}&#8220;][vc_column_inner][dfd_spacer screen_wide_resolution=&#8220;1280&#8243; screen_wide_spacer_size=&#8220;35&#8243; screen_normal_resolution=&#8220;1024&#8243; screen_tablet_resolution=&#8220;800&#8243; screen_mobile_resolution=&#8220;480&#8243; screen_normal_spacer_size=&#8220;25&#8243; screen_tablet_spacer_size=&#8220;20&#8243; screen_mobile_spacer_size=&#8220;20&#8243;][dfd_heading content_alignment=&#8220;text-left&#8220; enable_delimiter=&#8220;off&#8220; style=&#8220;style_01&#8243; title_font_options=&#8220;tag:h4|font_size:28|line_height:30&#8243; subtitle_font_options=&#8220;tag:h3&#8243;]Friuli lnnovazione Centro di Ricerca e di Trasferimento Tecnologico[\/dfd_heading][dfd_spacer screen_wide_resolution=&#8220;1280&#8243; screen_wide_spacer_size=&#8220;10&#8243; screen_normal_resolution=&#8220;1024&#8243; screen_tablet_resolution=&#8220;800&#8243; screen_mobile_resolution=&#8220;480&#8243; screen_normal_spacer_size=&#8220;10&#8243; screen_tablet_spacer_size=&#8220;10&#8243; screen_mobile_spacer_size=&#8220;10&#8243;][vc_column_text]Our task, in particular, is to foster collaboration between researchers and companies and the industrial use of scientific and technological results produced by research. We assist young entrepreneurs, companies and researchers in the development of business ideas, innovative and high-tech, through the search for partners and funding, the start-up of new businesses, incubation and settlement at our reality.<\/p>\n<p>Today our services are oriented towards some of the main strategic sectors for the economy and the regional research system (ICT, Additive Manufacturing, Metallurgy and Surface and Advanced Materials Technology, Energy and the Environment, Biotechnologies) but we also look abroad, more and more, through participation in European projects and other initiatives that favor the internationalization of companies and Friulian talent.<\/p>\n<p><a href=\"https:\/\/friulinnovazione.it\/en\/\" target=\"_blank\" rel=\"noopener\">Gehen Sie zur Website<\/a>[\/vc_column_text][dfd_spacer screen_wide_resolution=&#8220;1280&#8243; screen_wide_spacer_size=&#8220;35&#8243; screen_normal_resolution=&#8220;1024&#8243; screen_tablet_resolution=&#8220;800&#8243; screen_mobile_resolution=&#8220;480&#8243; screen_normal_spacer_size=&#8220;25&#8243; screen_tablet_spacer_size=&#8220;20&#8243; screen_mobile_spacer_size=&#8220;20&#8243;][\/vc_column_inner][\/vc_row_inner][dfd_spacer screen_wide_resolution=&#8220;1280&#8243; screen_wide_spacer_size=&#8220;120&#8243; screen_normal_resolution=&#8220;1024&#8243; screen_tablet_resolution=&#8220;800&#8243; screen_mobile_resolution=&#8220;480&#8243; screen_normal_spacer_size=&#8220;100&#8243; screen_tablet_spacer_size=&#8220;80&#8243; screen_mobile_spacer_size=&#8220;60&#8243;][\/vc_column][vc_column width=&#8220;1\/4&#8243; column_responsive_mobile_classes=&#8220;dfd-remove-left-border&#8220; column_responsive_mobile_resolutions=&#8220;dfd-apply-laptop&#8220;][dfd_single_image image=&#8220;164&#8243; hover_style=&#8220;dfd-image-scale&#8220;][vc_row_inner css=&#8220;.vc_custom_1538126239038{padding-right: 5% !important;padding-left: 5% !important;background-color: #ffffff !important;}&#8220;][vc_column_inner][dfd_spacer screen_wide_resolution=&#8220;1280&#8243; screen_wide_spacer_size=&#8220;35&#8243; screen_normal_resolution=&#8220;1024&#8243; screen_tablet_resolution=&#8220;800&#8243; screen_mobile_resolution=&#8220;480&#8243; screen_normal_spacer_size=&#8220;25&#8243; screen_tablet_spacer_size=&#8220;20&#8243; screen_mobile_spacer_size=&#8220;20&#8243;][dfd_heading content_alignment=&#8220;text-left&#8220; enable_delimiter=&#8220;off&#8220; style=&#8220;style_01&#8243; title_font_options=&#8220;tag:h4|font_size:28|line_height:30&#8243; subtitle_font_options=&#8220;tag:h3&#8243;]Universit\u00e0 degli studi di Udine[\/dfd_heading][dfd_spacer screen_wide_resolution=&#8220;1280&#8243; screen_wide_spacer_size=&#8220;10&#8243; screen_normal_resolution=&#8220;1024&#8243; screen_tablet_resolution=&#8220;800&#8243; screen_mobile_resolution=&#8220;480&#8243; screen_normal_spacer_size=&#8220;10&#8243; screen_tablet_spacer_size=&#8220;10&#8243; screen_mobile_spacer_size=&#8220;10&#8243;][vc_column_text]Udine and its University are a point of reference in a region which is historically a meeting place and crossroads of different worlds and cultures. Geographically situated in the centre of the European Union, the University of Udine plays an active role in a close network of relations, committed to sharing its knowledge and ideas. Since its establishment, Udine University has pursued the policy of internationalisation, aimed at preparing students and forging relations and partnerships with universities and institutions in Europe and the rest of the world.<\/p>\n<p>Udine University collaborates not only within Europe but across the globe and has long-standing connections with Africa, India and China.<\/p>\n<p><a href=\"http:\/\/www.uniud.it\/it\/ateneo-uniud\/ateneo-uniud-organizzazione\/dipartimenti\/dies\" target=\"_blank\" rel=\"noopener\">Gehen Sie zur Website<\/a>[\/vc_column_text][dfd_spacer screen_wide_resolution=&#8220;1280&#8243; screen_wide_spacer_size=&#8220;35&#8243; screen_normal_resolution=&#8220;1024&#8243; screen_tablet_resolution=&#8220;800&#8243; screen_mobile_resolution=&#8220;480&#8243; screen_normal_spacer_size=&#8220;25&#8243; screen_tablet_spacer_size=&#8220;20&#8243; screen_mobile_spacer_size=&#8220;20&#8243;][\/vc_column_inner][\/vc_row_inner][dfd_spacer screen_wide_resolution=&#8220;1280&#8243; screen_wide_spacer_size=&#8220;120&#8243; screen_normal_resolution=&#8220;1024&#8243; screen_tablet_resolution=&#8220;800&#8243; screen_mobile_resolution=&#8220;480&#8243; screen_normal_spacer_size=&#8220;100&#8243; screen_tablet_spacer_size=&#8220;80&#8243; screen_mobile_spacer_size=&#8220;60&#8243;][\/vc_column][vc_column width=&#8220;1\/4&#8243;][\/vc_column][\/vc_row]<\/p>\n","protected":false},"excerpt":{"rendered":"<p>[vc_row css=&#8220;.vc_custom_1538126652134{margin-top: 50px !important;margin-bottom: 50px !important;}&#8220;][vc_column][dfd_heading delimiter_settings=&#8220;border-bottom-style:solid;|border-bottom-width:2px;|width:300px;|border-bottom-color:#dddddd;&#8220; delimiter_margin=&#8220;margin-top:10px;&#8220; style=&#8220;style_05&#8243; title_font_options=&#8220;tag:h1&#8243; subtitle_font_options=&#8220;tag:h3&#8243;] Partner [\/dfd_heading][\/vc_column][\/vc_row][vc_row dfd_row_config=&#8220;full_width_content&#8220; dfd_row_responsive_enable=&#8220;dfd-row-responsive-enable&#8220; row_responsive_mobile_classes=&#8220;dfd-remove-left-padding,dfd-remove-right-padding&#8220; row_responsive_mobile_resolutions=&#8220;dfd-apply-tablet&#8220; dfd_bg_style=&#8220;image&#8220; dfd_parallax_style=&#8220;dfd_vertical_parallax&#8220; dfd_bg_image_new=&#8220;15924&#8243; dfd_bg_image_size=&#8220;initial&#8220; dfd_parallax_sense=&#8220;60&#8243; css=&#8220;.vc_custom_1538126106656{padding-right: 8% !important;padding-left: 8% !important;}&#8220;][vc_column width=&#8220;1\/4&#8243; column_responsive_mobile_classes=&#8220;dfd-remove-left-border&#8220; column_responsive_mobile_resolutions=&#8220;dfd-apply-laptop&#8220;][dfd_single_image image=&#8220;228&#8243; hover_style=&#8220;dfd-image-scale&#8220;][vc_row_inner css=&#8220;.vc_custom_1538126223634{padding-right: 5% !important;padding-left: 5% !important;background-color: #ffffff !important;}&#8220;][vc_column_inner][dfd_spacer screen_wide_resolution=&#8220;1280&#8243; screen_wide_spacer_size=&#8220;35&#8243; screen_normal_resolution=&#8220;1024&#8243; screen_tablet_resolution=&#8220;800&#8243; screen_mobile_resolution=&#8220;480&#8243; screen_normal_spacer_size=&#8220;25&#8243; screen_tablet_spacer_size=&#8220;20&#8243; screen_mobile_spacer_size=&#8220;20&#8243;][dfd_heading content_alignment=&#8220;text-left&#8220; enable_delimiter=&#8220;off&#8220; style=&#8220;style_01&#8243; title_font_options=&#8220;tag:h4|font_size:28|line_height:30&#8243; subtitle_font_options=&#8220;tag:h3&#8243;]Universitat Klagenfurt[\/dfd_heading][dfd_spacer screen_wide_resolution=&#8220;1280&#8243; screen_wide_spacer_size=&#8220;10&#8243; [&hellip;]<\/p>\n","protected":false},"author":1,"featured_media":0,"parent":0,"menu_order":2,"comment_status":"closed","ping_status":"closed","template":"page-custom.php","meta":{"_acf_changed":false,"_monsterinsights_skip_tracking":false,"_monsterinsights_sitenote_active":false,"_monsterinsights_sitenote_note":"","_monsterinsights_sitenote_category":0,"footnotes":""},"class_list":["post-175","page","type-page","status-publish","hentry"],"acf":[],"_links":{"self":[{"href":"https:\/\/www.siaa-project.eu\/de\/wp-json\/wp\/v2\/pages\/175\/"}],"collection":[{"href":"https:\/\/www.siaa-project.eu\/de\/wp-json\/wp\/v2\/pages\/"}],"about":[{"href":"https:\/\/www.siaa-project.eu\/de\/wp-json\/wp\/v2\/types\/page\/"}],"author":[{"embeddable":true,"href":"https:\/\/www.siaa-project.eu\/de\/wp-json\/wp\/v2\/users\/1\/"}],"replies":[{"embeddable":true,"href":"https:\/\/www.siaa-project.eu\/de\/wp-json\/wp\/v2\/comments\/?post=175"}],"version-history":[{"count":10,"href":"https:\/\/www.siaa-project.eu\/de\/wp-json\/wp\/v2\/pages\/175\/revisions\/"}],"predecessor-version":[{"id":3207,"href":"https:\/\/www.siaa-project.eu\/de\/wp-json\/wp\/v2\/pages\/175\/revisions\/3207\/"}],"wp:attachment":[{"href":"https:\/\/www.siaa-project.eu\/de\/wp-json\/wp\/v2\/media\/?parent=175"}],"curies":[{"name":"wp","href":"https:\/\/api.w.org\/{rel}","templated":true}]}}